{"id":802,"date":"2023-10-29T13:10:13","date_gmt":"2023-10-29T13:10:13","guid":{"rendered":"http:\/\/www.fitandfun.sk\/?page_id=802"},"modified":"2023-11-03T11:35:08","modified_gmt":"2023-11-03T11:35:08","slug":"koucing","status":"publish","type":"page","link":"http:\/\/www.fitandfun.sk\/?page_id=802","title":{"rendered":"Kou\u010ding"},"content":{"rendered":"\n<h4 class=\"wp-block-heading has-text-align-left\">&#8222;<strong>Kou\u010dovanie uvo\u013e\u0148uje potenci\u00e1l \u010dloveka a\u00a0umo\u017e\u0148uje mu tak maximalizova\u0165 jeho v\u00fdkon.<br>Sk\u00f4r ne\u017e by nie\u010domu u\u010dilo, pom\u00e1ha u\u010di\u0165 sa<\/strong>&#8222;.  <strong>John Whitmore<\/strong><\/h4>\n\n\n\n<p>Uvedomili ste si niekedy, \u017ee zvy\u010dajne nie je najv\u00e4\u010d\u0161\u00edm s\u00faperom ten, ktor\u00fd stoj\u00ed oproti n\u00e1m, ale ten ktor\u00e9ho m\u00e1me v hlave? <\/p>\n\n\n\n<p>Ako b\u00fdval\u00e1 \u0161portovky\u0148a si ve\u013emi dobre uvedomujem, ak\u00fd z\u00e1sadn\u00fd m\u00f4\u017ee by\u0165 <strong>vplyv psychiky<\/strong> na kvalitu v\u00fdkonu. Kou\u010ding ako podpora <strong>\u0161portovcov<\/strong> pri dosahovan\u00ed v\u00fdkonov je oblas\u0165, kde je v\u017edy priestor na zlep\u0161ovanie. <\/p>\n\n\n\n<p>Okrem \u0161portu je ve\u013ea \u010fal\u0161\u00edch oblast\u00ed, kde m\u00f4\u017eeme za pomoci kou\u010dingu <strong>napredova\u0165<\/strong>. Mnohokr\u00e1t nevieme, ktor\u00e1 z ciest n\u00e1s povedie t\u00fdm spr\u00e1vnym smerom. K\u013e\u00fa\u010d k odpovediam m\u00e1 ka\u017ed\u00fd  v sebe ukryt\u00fd a za pomoci <strong>ot\u00e1zok<\/strong> kou\u010da dok\u00e1\u017eeme kon\u0161trukt\u00edvne presk\u00fama\u0165 svoje mo\u017enosti. <\/p>\n\n\n\n<p> Som akreditovan\u00fd kou\u010d ACPC a moje zameranie je najm\u00e4 na \u0161portov\u00fd a \u017eivotn\u00fd kou\u010ding.<\/p>\n\n\n\n<p> <\/p>\n\n\n<div class=\"wp-block-image\">\n<figure class=\"aligncenter size-large is-resized\"><img decoding=\"async\" loading=\"lazy\" src=\"http:\/\/www.fitandfun.sk\/wp-content\/uploads\/2023\/10\/MG_5883-OK-inter-1024x683.jpg\" alt=\"\" class=\"wp-image-900\" width=\"363\" height=\"242\" srcset=\"http:\/\/www.fitandfun.sk\/wp-content\/uploads\/2023\/10\/MG_5883-OK-inter-1024x683.jpg 1024w, http:\/\/www.fitandfun.sk\/wp-content\/uploads\/2023\/10\/MG_5883-OK-inter-300x200.jpg 300w, http:\/\/www.fitandfun.sk\/wp-content\/uploads\/2023\/10\/MG_5883-OK-inter-150x100.jpg 150w, http:\/\/www.fitandfun.sk\/wp-content\/uploads\/2023\/10\/MG_5883-OK-inter-768x512.jpg 768w, http:\/\/www.fitandfun.sk\/wp-content\/uploads\/2023\/10\/MG_5883-OK-inter-90x60.jpg 90w, http:\/\/www.fitandfun.sk\/wp-content\/uploads\/2023\/10\/MG_5883-OK-inter.jpg 1500w\" sizes=\"(max-width: 363px) 100vw, 363px\" \/><\/figure><\/div>\n\n\n<p><\/p>\n\n\n\n<h3 class=\"wp-block-heading has-text-align-center\"><\/h3>\n","protected":false},"excerpt":{"rendered":"<p>&#8222;Kou\u010dovanie uvo\u013e\u0148uje potenci\u00e1l \u010dloveka a\u00a0umo\u017e\u0148uje mu tak maximalizova\u0165 jeho v\u00fdkon.Sk\u00f4r ne\u017e by nie\u010domu u\u010dilo, pom\u00e1ha u\u010di\u0165 sa&#8222;. John Whitmore Uvedomili ste si niekedy, \u017ee zvy\u010dajne nie je najv\u00e4\u010d\u0161\u00edm s\u00faperom ten, ktor\u00fd stoj\u00ed oproti n\u00e1m, ale ten ktor\u00e9ho m\u00e1me v hlave? Ako b\u00fdval\u00e1 \u0161portovky\u0148a si ve\u013emi dobre uvedomujem, ak\u00fd z\u00e1sadn\u00fd m\u00f4\u017ee by\u0165 vplyv psychiky na kvalitu &hellip; <\/p>\n","protected":false},"author":1,"featured_media":0,"parent":0,"menu_order":0,"comment_status":"closed","ping_status":"closed","template":"","meta":{"ngg_post_thumbnail":0},"_links":{"self":[{"href":"http:\/\/www.fitandfun.sk\/index.php?rest_route=\/wp\/v2\/pages\/802"}],"collection":[{"href":"http:\/\/www.fitandfun.sk\/index.php?rest_route=\/wp\/v2\/pages"}],"about":[{"href":"http:\/\/www.fitandfun.sk\/index.php?rest_route=\/wp\/v2\/types\/page"}],"author":[{"embeddable":true,"href":"http:\/\/www.fitandfun.sk\/index.php?rest_route=\/wp\/v2\/users\/1"}],"replies":[{"embeddable":true,"href":"http:\/\/www.fitandfun.sk\/index.php?rest_route=%2Fwp%2Fv2%2Fcomments&post=802"}],"version-history":[{"count":10,"href":"http:\/\/www.fitandfun.sk\/index.php?rest_route=\/wp\/v2\/pages\/802\/revisions"}],"predecessor-version":[{"id":946,"href":"http:\/\/www.fitandfun.sk\/index.php?rest_route=\/wp\/v2\/pages\/802\/revisions\/946"}],"wp:attachment":[{"href":"http:\/\/www.fitandfun.sk\/index.php?rest_route=%2Fwp%2Fv2%2Fmedia&parent=802"}],"curies":[{"name":"wp","href":"https:\/\/api.w.org\/{rel}","templated":true}]}}