{"id":77,"date":"2011-01-11T00:00:41","date_gmt":"2011-01-11T00:00:41","guid":{"rendered":"http:\/\/www.lesna.sk\/?page_id=77"},"modified":"2023-11-02T19:03:33","modified_gmt":"2023-11-02T19:03:33","slug":"uvod","status":"publish","type":"page","link":"http:\/\/www.fitandfun.sk\/?page_id=77","title":{"rendered":"\u00davod"},"content":{"rendered":"\n<div class=\"wp-block-cover\"><span aria-hidden=\"true\" class=\"wp-block-cover__background has-background-dim\"><\/span><img decoding=\"async\" loading=\"lazy\" width=\"1024\" height=\"683\" class=\"wp-block-cover__image-background wp-image-758\" alt=\"\" src=\"http:\/\/www.fitandfun.sk\/wp-content\/uploads\/2023\/10\/P1331563-1-1024x683.jpg\" style=\"object-position:58% 0%\" data-object-fit=\"cover\" data-object-position=\"58% 0%\" srcset=\"http:\/\/www.fitandfun.sk\/wp-content\/uploads\/2023\/10\/P1331563-1-1024x683.jpg 1024w, http:\/\/www.fitandfun.sk\/wp-content\/uploads\/2023\/10\/P1331563-1-300x200.jpg 300w, http:\/\/www.fitandfun.sk\/wp-content\/uploads\/2023\/10\/P1331563-1-150x100.jpg 150w, http:\/\/www.fitandfun.sk\/wp-content\/uploads\/2023\/10\/P1331563-1-768x512.jpg 768w, http:\/\/www.fitandfun.sk\/wp-content\/uploads\/2023\/10\/P1331563-1-1536x1024.jpg 1536w, http:\/\/www.fitandfun.sk\/wp-content\/uploads\/2023\/10\/P1331563-1-2048x1365.jpg 2048w, http:\/\/www.fitandfun.sk\/wp-content\/uploads\/2023\/10\/P1331563-1-360x240.jpg 360w\" sizes=\"(max-width: 1024px) 100vw, 1024px\" \/><div class=\"wp-block-cover__inner-container\">\n<p class=\"has-text-align-center has-large-font-size\"><strong>Roz\u0161\u00edrte si svoje obzory v oblasti \u0161portov\u00e9ho tr\u00e9ningu, funk\u010dn\u00e9ho d\u00fdchania a ment\u00e1lneho nastavenia<\/strong><\/p>\n<\/div><\/div>\n\n\n\n<p><strong data-rich-text-format-boundary=\"true\">&nbsp;<\/strong><\/p>\n\n\n\n<p class=\"has-text-align-center\"><strong>U\u017eite si<\/strong> beh na ly\u017eiach pod odborn\u00fdm veden\u00edm.  <strong>Vysk\u00fa\u0161ajte <\/strong>si kondi\u010dn\u00fd program ak\u00fd maj\u00fa profesion\u00e1lni \u0161portovci alebo sa <strong>zabavte<\/strong> pri koordina\u010dn\u00fdch cvi\u010deniach.<\/p>\n\n\n<div class=\"wp-block-image\">\n<figure class=\"aligncenter size-full is-resized\"><img decoding=\"async\" loading=\"lazy\" src=\"http:\/\/www.fitandfun.sk\/wp-content\/uploads\/2023\/10\/Rings.jpg\" alt=\"\" class=\"wp-image-791\" width=\"373\" height=\"255\" srcset=\"http:\/\/www.fitandfun.sk\/wp-content\/uploads\/2023\/10\/Rings.jpg 702w, http:\/\/www.fitandfun.sk\/wp-content\/uploads\/2023\/10\/Rings-300x205.jpg 300w, http:\/\/www.fitandfun.sk\/wp-content\/uploads\/2023\/10\/Rings-150x103.jpg 150w, http:\/\/www.fitandfun.sk\/wp-content\/uploads\/2023\/10\/Rings-88x60.jpg 88w\" sizes=\"(max-width: 373px) 100vw, 373px\" \/><\/figure><\/div>\n\n\n<p><\/p>\n\n\n\n<p class=\"has-text-align-center\"><strong>Spoznajte<\/strong> funk\u010dn\u00e9 dychov\u00e9 techniky, ktor\u00e9 V\u00e1m pom\u00f4\u017eu pri zvy\u0161ovan\u00ed v\u00fdkonnosti, zlep\u0161en\u00ed zdravia aj psychickej odolnosti.<\/p>\n\n\n<div class=\"wp-block-image\">\n<figure class=\"aligncenter size-large is-resized\"><img decoding=\"async\" loading=\"lazy\" src=\"http:\/\/www.fitandfun.sk\/wp-content\/uploads\/2023\/10\/1015439-OK-int1-683x1024.jpg\" alt=\"\" class=\"wp-image-786\" width=\"237\" height=\"356\" srcset=\"http:\/\/www.fitandfun.sk\/wp-content\/uploads\/2023\/10\/1015439-OK-int1-683x1024.jpg 683w, http:\/\/www.fitandfun.sk\/wp-content\/uploads\/2023\/10\/1015439-OK-int1-200x300.jpg 200w, http:\/\/www.fitandfun.sk\/wp-content\/uploads\/2023\/10\/1015439-OK-int1-100x150.jpg 100w, http:\/\/www.fitandfun.sk\/wp-content\/uploads\/2023\/10\/1015439-OK-int1-768x1152.jpg 768w, http:\/\/www.fitandfun.sk\/wp-content\/uploads\/2023\/10\/1015439-OK-int1-40x60.jpg 40w, http:\/\/www.fitandfun.sk\/wp-content\/uploads\/2023\/10\/1015439-OK-int1.jpg 1000w\" sizes=\"(max-width: 237px) 100vw, 237px\" \/><\/figure><\/div>\n\n\n<p class=\"has-text-align-center\"><\/p>\n\n\n\n<p class=\"has-text-align-center\"><strong>Zistite<\/strong>, \u017ee vn\u00edmame len tak\u00fd svet, ak\u00fd <strong>v sebe<\/strong> nos\u00edme. <\/p>\n\n\n<div class=\"wp-block-image\">\n<figure class=\"aligncenter size-large is-resized\"><img decoding=\"async\" loading=\"lazy\" src=\"http:\/\/www.fitandfun.sk\/wp-content\/uploads\/2023\/10\/P7268652-1024x683.jpg\" alt=\"\" class=\"wp-image-888\" width=\"374\" height=\"249\" srcset=\"http:\/\/www.fitandfun.sk\/wp-content\/uploads\/2023\/10\/P7268652-1024x683.jpg 1024w, http:\/\/www.fitandfun.sk\/wp-content\/uploads\/2023\/10\/P7268652-300x200.jpg 300w, http:\/\/www.fitandfun.sk\/wp-content\/uploads\/2023\/10\/P7268652-150x100.jpg 150w, http:\/\/www.fitandfun.sk\/wp-content\/uploads\/2023\/10\/P7268652-768x512.jpg 768w, http:\/\/www.fitandfun.sk\/wp-content\/uploads\/2023\/10\/P7268652-1536x1024.jpg 1536w, http:\/\/www.fitandfun.sk\/wp-content\/uploads\/2023\/10\/P7268652-2048x1365.jpg 2048w, http:\/\/www.fitandfun.sk\/wp-content\/uploads\/2023\/10\/P7268652-90x60.jpg 90w\" sizes=\"(max-width: 374px) 100vw, 374px\" \/><\/figure><\/div>\n\n\n<p class=\"has-text-align-center\"><strong> <\/strong><\/p>\n\n\n\n<p class=\"has-text-align-center\">\u0160port je tu aj preto, aby z n\u00e1s spravil<strong> lep\u0161ieho \u010dloveka.<\/strong><\/p>\n\n\n\n<p><strong data-rich-text-format-boundary=\"true\">&nbsp;<\/strong><\/p>\n","protected":false},"excerpt":{"rendered":"<p>&nbsp; U\u017eite si beh na ly\u017eiach pod odborn\u00fdm veden\u00edm. Vysk\u00fa\u0161ajte si kondi\u010dn\u00fd program ak\u00fd maj\u00fa profesion\u00e1lni \u0161portovci alebo sa zabavte pri koordina\u010dn\u00fdch cvi\u010deniach. Spoznajte funk\u010dn\u00e9 dychov\u00e9 techniky, ktor\u00e9 V\u00e1m pom\u00f4\u017eu pri zvy\u0161ovan\u00ed v\u00fdkonnosti, zlep\u0161en\u00ed zdravia aj psychickej odolnosti. Zistite, \u017ee vn\u00edmame len tak\u00fd svet, ak\u00fd v sebe nos\u00edme. \u0160port je tu aj preto, aby z &hellip; <\/p>\n","protected":false},"author":1,"featured_media":0,"parent":0,"menu_order":0,"comment_status":"closed","ping_status":"closed","template":"","meta":{"ngg_post_thumbnail":0},"_links":{"self":[{"href":"http:\/\/www.fitandfun.sk\/index.php?rest_route=\/wp\/v2\/pages\/77"}],"collection":[{"href":"http:\/\/www.fitandfun.sk\/index.php?rest_route=\/wp\/v2\/pages"}],"about":[{"href":"http:\/\/www.fitandfun.sk\/index.php?rest_route=\/wp\/v2\/types\/page"}],"author":[{"embeddable":true,"href":"http:\/\/www.fitandfun.sk\/index.php?rest_route=\/wp\/v2\/users\/1"}],"replies":[{"embeddable":true,"href":"http:\/\/www.fitandfun.sk\/index.php?rest_route=%2Fwp%2Fv2%2Fcomments&post=77"}],"version-history":[{"count":59,"href":"http:\/\/www.fitandfun.sk\/index.php?rest_route=\/wp\/v2\/pages\/77\/revisions"}],"predecessor-version":[{"id":938,"href":"http:\/\/www.fitandfun.sk\/index.php?rest_route=\/wp\/v2\/pages\/77\/revisions\/938"}],"wp:attachment":[{"href":"http:\/\/www.fitandfun.sk\/index.php?rest_route=%2Fwp%2Fv2%2Fmedia&parent=77"}],"curies":[{"name":"wp","href":"https:\/\/api.w.org\/{rel}","templated":true}]}}